{"id":2,"date":"2016-05-10T03:48:21","date_gmt":"2016-05-10T03:48:21","guid":{"rendered":"http:\/\/armaserv.de\/?page_id=2"},"modified":"2023-01-10T16:12:33","modified_gmt":"2023-01-10T16:12:33","slug":"sample-page","status":"publish","type":"page","link":"https:\/\/armaserv.de\/","title":{"rendered":"Hereinspaziert&#8230;"},"content":{"rendered":"\n<p>&#8230; auf den folgenden Seiten erfahren Sie alles Wichtige zu unseren Dienstleistungen f\u00fcr Ihre Industriearmaturen. Sollte der Besuch unserer Webseite offene Fragen hinterlassen, scheuen Sie sich nicht uns zu kontaktieren &#8211; ob per Email oder Telefon, wir sind f\u00fcr Sie da.<\/p>\n\n\n\n<p><\/p>\n\n\n\n<p><\/p>\n\n\n\n<p><\/p>\n\n\n\n<p><\/p>\n\n\n\n<p><mark style=\"background-color:rgba(0, 0, 0, 0)\" class=\"has-inline-color has-vivid-red-color\">Armaturenservice Jens Kr\u00fcger<\/mark><br><mark style=\"background-color:rgba(0, 0, 0, 0);color:#000aa3\" class=\"has-inline-color\">H\u00e4ldenstr. 127<\/mark><br><mark style=\"background-color:rgba(0, 0, 0, 0)\" class=\"has-inline-color has-vivid-red-color\">71732 Tamm<\/mark><\/p>\n\n\n\n<p><mark style=\"background-color:rgba(0, 0, 0, 0);color:#000aa3\" class=\"has-inline-color\">Tel.: 07141 6857 177<\/mark><br><mark style=\"background-color:rgba(0, 0, 0, 0)\" class=\"has-inline-color has-vivid-red-color\">Fax: 07141 6857 629<\/mark><br><mark style=\"background-color:rgba(0, 0, 0, 0);color:#000aa3\" class=\"has-inline-color\">email: info@armaserv.de<\/mark><\/p>\n","protected":false},"excerpt":{"rendered":"<p>&#8230; auf den folgenden Seiten erfahren Sie alles Wichtige zu unseren Dienstleistungen f\u00fcr Ihre Industriearmaturen. Sollte der Besuch unserer Webseite offene Fragen hinterlassen, scheuen Sie sich nicht uns zu kontaktieren &#8211; ob per Email oder Telefon, wir sind f\u00fcr Sie da. Armaturenservice Jens Kr\u00fcgerH\u00e4ldenstr. 12771732 Tamm Tel.: 07141 6857 177Fax: 07141 6857 629email: info@armaserv.de<\/p>\n","protected":false},"author":1,"featured_media":0,"parent":0,"menu_order":0,"comment_status":"closed","ping_status":"open","template":"","meta":[],"yoast_head":"<!-- This site is optimized with the Yoast SEO plugin v19.14 - https:\/\/yoast.com\/wordpress\/plugins\/seo\/ -->\n<title>Hereinspaziert... | Armaturenservice Jens Kr\u00fcger<\/title>\n<meta name=\"robots\" content=\"index, follow, max-snippet:-1, max-image-preview:large, max-video-preview:-1\" \/>\n<link rel=\"canonical\" href=\"https:\/\/armaserv.de\/\" \/>\n<meta property=\"og:locale\" content=\"de_DE\" \/>\n<meta property=\"og:type\" content=\"article\" \/>\n<meta property=\"og:title\" content=\"Hereinspaziert... | Armaturenservice Jens Kr\u00fcger\" \/>\n<meta property=\"og:description\" content=\"&#8230; auf den folgenden Seiten erfahren Sie alles Wichtige zu unseren Dienstleistungen f\u00fcr Ihre Industriearmaturen. Sollte der Besuch unserer Webseite offene Fragen hinterlassen, scheuen Sie sich nicht uns zu kontaktieren &#8211; ob per Email oder Telefon, wir sind f\u00fcr Sie da. Armaturenservice Jens Kr\u00fcgerH\u00e4ldenstr. 12771732 Tamm Tel.: 07141 6857 177Fax: 07141 6857 629email: info@armaserv.de\" \/>\n<meta property=\"og:url\" content=\"https:\/\/armaserv.de\/\" \/>\n<meta property=\"og:site_name\" content=\"Armaturenservice Jens Kr\u00fcger\" \/>\n<meta property=\"article:publisher\" content=\"https:\/\/www.facebook.com\/pages\/category\/Business-Service\/Armaturenservice-Jens-Kr%c3%bcger-Armaserv-109305729146673\/\" \/>\n<meta property=\"article:modified_time\" content=\"2023-01-10T16:12:33+00:00\" \/>\n<meta name=\"twitter:card\" content=\"summary_large_image\" \/>\n<meta name=\"twitter:label1\" content=\"Gesch\u00e4tzte Lesezeit\" \/>\n\t<meta name=\"twitter:data1\" content=\"1\u00a0Minute\" \/>\n<script type=\"application\/ld+json\" class=\"yoast-schema-graph\">{\"@context\":\"https:\/\/schema.org\",\"@graph\":[{\"@type\":\"WebPage\",\"@id\":\"https:\/\/armaserv.de\/\",\"url\":\"https:\/\/armaserv.de\/\",\"name\":\"Hereinspaziert... | Armaturenservice Jens Kr\u00fcger\",\"isPartOf\":{\"@id\":\"https:\/\/armaserv.de\/#website\"},\"datePublished\":\"2016-05-10T03:48:21+00:00\",\"dateModified\":\"2023-01-10T16:12:33+00:00\",\"breadcrumb\":{\"@id\":\"https:\/\/armaserv.de\/#breadcrumb\"},\"inLanguage\":\"de\",\"potentialAction\":[{\"@type\":\"ReadAction\",\"target\":[\"https:\/\/armaserv.de\/\"]}]},{\"@type\":\"BreadcrumbList\",\"@id\":\"https:\/\/armaserv.de\/#breadcrumb\",\"itemListElement\":[{\"@type\":\"ListItem\",\"position\":1,\"name\":\"Startseite\",\"item\":\"https:\/\/armaserv.de\/\"},{\"@type\":\"ListItem\",\"position\":2,\"name\":\"Hereinspaziert&#8230;\"}]},{\"@type\":\"WebSite\",\"@id\":\"https:\/\/armaserv.de\/#website\",\"url\":\"https:\/\/armaserv.de\/\",\"name\":\"Armaturenservice Jens Kr\u00fcger\",\"description\":\"Kontrolle \/ Wartung \/ Reparatur \/ Neubeschaffung von Industriearmaturen\",\"publisher\":{\"@id\":\"https:\/\/armaserv.de\/#organization\"},\"potentialAction\":[{\"@type\":\"SearchAction\",\"target\":{\"@type\":\"EntryPoint\",\"urlTemplate\":\"https:\/\/armaserv.de\/?s={search_term_string}\"},\"query-input\":\"required name=search_term_string\"}],\"inLanguage\":\"de\"},{\"@type\":\"Organization\",\"@id\":\"https:\/\/armaserv.de\/#organization\",\"name\":\"Armaturenservice Jens Kr\u00fcger\",\"url\":\"https:\/\/armaserv.de\/\",\"logo\":{\"@type\":\"ImageObject\",\"inLanguage\":\"de\",\"@id\":\"https:\/\/armaserv.de\/#\/schema\/logo\/image\/\",\"url\":\"https:\/\/armaserv.de\/wp-content\/uploads\/2018\/08\/ARMASERV-Logo-oT_50.jpg\",\"contentUrl\":\"https:\/\/armaserv.de\/wp-content\/uploads\/2018\/08\/ARMASERV-Logo-oT_50.jpg\",\"width\":590,\"height\":166,\"caption\":\"Armaturenservice Jens Kr\u00fcger\"},\"image\":{\"@id\":\"https:\/\/armaserv.de\/#\/schema\/logo\/image\/\"},\"sameAs\":[\"https:\/\/www.facebook.com\/pages\/category\/Business-Service\/Armaturenservice-Jens-Kr\u00fcger-Armaserv-109305729146673\/\"]}]}<\/script>\n<!-- \/ Yoast SEO plugin. -->","yoast_head_json":{"title":"Hereinspaziert... | Armaturenservice Jens Kr\u00fcger","robots":{"index":"index","follow":"follow","max-snippet":"max-snippet:-1","max-image-preview":"max-image-preview:large","max-video-preview":"max-video-preview:-1"},"canonical":"https:\/\/armaserv.de\/","og_locale":"de_DE","og_type":"article","og_title":"Hereinspaziert... | Armaturenservice Jens Kr\u00fcger","og_description":"&#8230; auf den folgenden Seiten erfahren Sie alles Wichtige zu unseren Dienstleistungen f\u00fcr Ihre Industriearmaturen. Sollte der Besuch unserer Webseite offene Fragen hinterlassen, scheuen Sie sich nicht uns zu kontaktieren &#8211; ob per Email oder Telefon, wir sind f\u00fcr Sie da. Armaturenservice Jens Kr\u00fcgerH\u00e4ldenstr. 12771732 Tamm Tel.: 07141 6857 177Fax: 07141 6857 629email: info@armaserv.de","og_url":"https:\/\/armaserv.de\/","og_site_name":"Armaturenservice Jens Kr\u00fcger","article_publisher":"https:\/\/www.facebook.com\/pages\/category\/Business-Service\/Armaturenservice-Jens-Kr%c3%bcger-Armaserv-109305729146673\/","article_modified_time":"2023-01-10T16:12:33+00:00","twitter_card":"summary_large_image","twitter_misc":{"Gesch\u00e4tzte Lesezeit":"1\u00a0Minute"},"schema":{"@context":"https:\/\/schema.org","@graph":[{"@type":"WebPage","@id":"https:\/\/armaserv.de\/","url":"https:\/\/armaserv.de\/","name":"Hereinspaziert... | Armaturenservice Jens Kr\u00fcger","isPartOf":{"@id":"https:\/\/armaserv.de\/#website"},"datePublished":"2016-05-10T03:48:21+00:00","dateModified":"2023-01-10T16:12:33+00:00","breadcrumb":{"@id":"https:\/\/armaserv.de\/#breadcrumb"},"inLanguage":"de","potentialAction":[{"@type":"ReadAction","target":["https:\/\/armaserv.de\/"]}]},{"@type":"BreadcrumbList","@id":"https:\/\/armaserv.de\/#breadcrumb","itemListElement":[{"@type":"ListItem","position":1,"name":"Startseite","item":"https:\/\/armaserv.de\/"},{"@type":"ListItem","position":2,"name":"Hereinspaziert&#8230;"}]},{"@type":"WebSite","@id":"https:\/\/armaserv.de\/#website","url":"https:\/\/armaserv.de\/","name":"Armaturenservice Jens Kr\u00fcger","description":"Kontrolle \/ Wartung \/ Reparatur \/ Neubeschaffung von Industriearmaturen","publisher":{"@id":"https:\/\/armaserv.de\/#organization"},"potentialAction":[{"@type":"SearchAction","target":{"@type":"EntryPoint","urlTemplate":"https:\/\/armaserv.de\/?s={search_term_string}"},"query-input":"required name=search_term_string"}],"inLanguage":"de"},{"@type":"Organization","@id":"https:\/\/armaserv.de\/#organization","name":"Armaturenservice Jens Kr\u00fcger","url":"https:\/\/armaserv.de\/","logo":{"@type":"ImageObject","inLanguage":"de","@id":"https:\/\/armaserv.de\/#\/schema\/logo\/image\/","url":"https:\/\/armaserv.de\/wp-content\/uploads\/2018\/08\/ARMASERV-Logo-oT_50.jpg","contentUrl":"https:\/\/armaserv.de\/wp-content\/uploads\/2018\/08\/ARMASERV-Logo-oT_50.jpg","width":590,"height":166,"caption":"Armaturenservice Jens Kr\u00fcger"},"image":{"@id":"https:\/\/armaserv.de\/#\/schema\/logo\/image\/"},"sameAs":["https:\/\/www.facebook.com\/pages\/category\/Business-Service\/Armaturenservice-Jens-Kr\u00fcger-Armaserv-109305729146673\/"]}]}},"_links":{"self":[{"href":"https:\/\/armaserv.de\/index.php?rest_route=\/wp\/v2\/pages\/2"}],"collection":[{"href":"https:\/\/armaserv.de\/index.php?rest_route=\/wp\/v2\/pages"}],"about":[{"href":"https:\/\/armaserv.de\/index.php?rest_route=\/wp\/v2\/types\/page"}],"author":[{"embeddable":true,"href":"https:\/\/armaserv.de\/index.php?rest_route=\/wp\/v2\/users\/1"}],"replies":[{"embeddable":true,"href":"https:\/\/armaserv.de\/index.php?rest_route=%2Fwp%2Fv2%2Fcomments&post=2"}],"version-history":[{"count":4,"href":"https:\/\/armaserv.de\/index.php?rest_route=\/wp\/v2\/pages\/2\/revisions"}],"predecessor-version":[{"id":53,"href":"https:\/\/armaserv.de\/index.php?rest_route=\/wp\/v2\/pages\/2\/revisions\/53"}],"wp:attachment":[{"href":"https:\/\/armaserv.de\/index.php?rest_route=%2Fwp%2Fv2%2Fmedia&parent=2"}],"curies":[{"name":"wp","href":"https:\/\/api.w.org\/{rel}","templated":true}]}}