{"id":23,"date":"2020-10-19T09:20:50","date_gmt":"2020-10-19T09:20:50","guid":{"rendered":"http:\/\/armaserv.de\/?page_id=23"},"modified":"2020-10-19T09:59:50","modified_gmt":"2020-10-19T09:59:50","slug":"leistungsspektrum","status":"publish","type":"page","link":"https:\/\/armaserv.de\/?page_id=23","title":{"rendered":"Leistungsspektrum"},"content":{"rendered":"\n<p>Zu unserem Leistungsprofil geh\u00f6ren der Vor-Ort-Service, das Pr\u00fcfen und Instandsetzen von Sicherheitsventilen, Absperrarmaturen und<br>Regelarmaturen, sowie das Pr\u00fcfen und Instandsetzen von Kondensatableitern.<\/p>\n\n\n\n<p>Ebenso f\u00fchren wir die Wartung von Schiebern, Klappen, K\u00fckenh\u00e4hnen, Schaugl\u00e4sern, Schmutzf\u00e4ngern, Wasserstandsanzeigern, \u00dcberdruck- und Unterdruckventilen durch.<\/p>\n\n\n\n<p>Gebrauchten und besch\u00e4digten Armaturen hauchen wir in unserer Werkstatt neues Leben ein &#8211; die General\u00fcberholung einer Regelarmatur liegt in den meisten F\u00e4llen unterhalb von 50 % des Neupreises und zudem ist die Qualit\u00e4t einer 10 oder 20 Jahre alten Armatur doch eine andere<code>.<\/code><\/p>\n\n\n\n<div class=\"is-layout-flex wp-container-4 wp-block-columns\">\n<div class=\"is-layout-flow wp-block-column\">\n<h2>Technisches B\u00fcro<\/h2>\n\n\n\n<ul><li>Hilfestellung bei Probleml\u00f6sungen<\/li><li>Planung und Koordination von Anlagenrevisionen<\/li><li>Auslegungen von Armaturen<\/li><li>Ersatzteilangebote<\/li><\/ul>\n<\/div>\n\n\n\n<div class=\"is-layout-flow wp-block-column\">\n<h2>Vor-Ort-Service<\/h2>\n\n\n\n<ul><li>Bestandsaufnahme, Planung <\/li><li>Wartung von Armaturen<\/li><li>Bearbeitung der Dichtfl\u00e4chen <\/li><\/ul>\n<\/div>\n\n\n\n<div class=\"is-layout-flow wp-block-column\">\n<h2>Werkstatt-Service<\/h2>\n\n\n\n<ul><li>Zerlegen und Reinigen der Armaturen<\/li><li>\u00dcberpr\u00fcfen auf Verschlei\u00df und Sch\u00e4den<\/li><li>Austausch der schadhaften Teile<\/li><\/ul>\n<\/div>\n<\/div>\n\n\n\n<p><\/p>\n","protected":false},"excerpt":{"rendered":"<p>Zu unserem Leistungsprofil geh\u00f6ren der Vor-Ort-Service, das Pr\u00fcfen und Instandsetzen von Sicherheitsventilen, Absperrarmaturen undRegelarmaturen, sowie das Pr\u00fcfen und Instandsetzen von Kondensatableitern. Ebenso f\u00fchren wir die Wartung von Schiebern, Klappen, K\u00fckenh\u00e4hnen, Schaugl\u00e4sern, Schmutzf\u00e4ngern, Wasserstandsanzeigern, \u00dcberdruck- und Unterdruckventilen durch. Gebrauchten und besch\u00e4digten Armaturen hauchen wir in unserer Werkstatt neues Leben ein &#8211; die General\u00fcberholung einer Regelarmatur liegt &hellip; <\/p>\n<p class=\"link-more\"><a href=\"https:\/\/armaserv.de\/?page_id=23\" class=\"more-link\"><span class=\"screen-reader-text\">\u201eLeistungsspektrum\u201c<\/span> weiterlesen<\/a><\/p>\n","protected":false},"author":1,"featured_media":0,"parent":0,"menu_order":0,"comment_status":"closed","ping_status":"closed","template":"","meta":[],"yoast_head":"<!-- This site is optimized with the Yoast SEO plugin v19.14 - https:\/\/yoast.com\/wordpress\/plugins\/seo\/ -->\n<title>Leistungsspektrum | Armaturenservice Jens Kr\u00fcger<\/title>\n<meta name=\"robots\" content=\"index, follow, max-snippet:-1, max-image-preview:large, max-video-preview:-1\" \/>\n<link rel=\"canonical\" href=\"https:\/\/armaserv.de\/?page_id=23\" \/>\n<meta property=\"og:locale\" content=\"de_DE\" \/>\n<meta property=\"og:type\" content=\"article\" \/>\n<meta property=\"og:title\" content=\"Leistungsspektrum | Armaturenservice Jens Kr\u00fcger\" \/>\n<meta property=\"og:description\" content=\"Zu unserem Leistungsprofil geh\u00f6ren der Vor-Ort-Service, das Pr\u00fcfen und Instandsetzen von Sicherheitsventilen, Absperrarmaturen undRegelarmaturen, sowie das Pr\u00fcfen und Instandsetzen von Kondensatableitern. Ebenso f\u00fchren wir die Wartung von Schiebern, Klappen, K\u00fckenh\u00e4hnen, Schaugl\u00e4sern, Schmutzf\u00e4ngern, Wasserstandsanzeigern, \u00dcberdruck- und Unterdruckventilen durch. Gebrauchten und besch\u00e4digten Armaturen hauchen wir in unserer Werkstatt neues Leben ein &#8211; die General\u00fcberholung einer Regelarmatur liegt &hellip; \u201eLeistungsspektrum\u201c weiterlesen\" \/>\n<meta property=\"og:url\" content=\"https:\/\/armaserv.de\/?page_id=23\" \/>\n<meta property=\"og:site_name\" content=\"Armaturenservice Jens Kr\u00fcger\" \/>\n<meta property=\"article:publisher\" content=\"https:\/\/www.facebook.com\/pages\/category\/Business-Service\/Armaturenservice-Jens-Kr%c3%bcger-Armaserv-109305729146673\/\" \/>\n<meta property=\"article:modified_time\" content=\"2020-10-19T09:59:50+00:00\" \/>\n<meta name=\"twitter:card\" content=\"summary_large_image\" \/>\n<meta name=\"twitter:label1\" content=\"Gesch\u00e4tzte Lesezeit\" \/>\n\t<meta name=\"twitter:data1\" content=\"1\u00a0Minute\" \/>\n<script type=\"application\/ld+json\" class=\"yoast-schema-graph\">{\"@context\":\"https:\/\/schema.org\",\"@graph\":[{\"@type\":\"WebPage\",\"@id\":\"https:\/\/armaserv.de\/?page_id=23\",\"url\":\"https:\/\/armaserv.de\/?page_id=23\",\"name\":\"Leistungsspektrum | Armaturenservice Jens Kr\u00fcger\",\"isPartOf\":{\"@id\":\"https:\/\/armaserv.de\/#website\"},\"datePublished\":\"2020-10-19T09:20:50+00:00\",\"dateModified\":\"2020-10-19T09:59:50+00:00\",\"breadcrumb\":{\"@id\":\"https:\/\/armaserv.de\/?page_id=23#breadcrumb\"},\"inLanguage\":\"de\",\"potentialAction\":[{\"@type\":\"ReadAction\",\"target\":[\"https:\/\/armaserv.de\/?page_id=23\"]}]},{\"@type\":\"BreadcrumbList\",\"@id\":\"https:\/\/armaserv.de\/?page_id=23#breadcrumb\",\"itemListElement\":[{\"@type\":\"ListItem\",\"position\":1,\"name\":\"Startseite\",\"item\":\"https:\/\/armaserv.de\/\"},{\"@type\":\"ListItem\",\"position\":2,\"name\":\"Leistungsspektrum\"}]},{\"@type\":\"WebSite\",\"@id\":\"https:\/\/armaserv.de\/#website\",\"url\":\"https:\/\/armaserv.de\/\",\"name\":\"Armaturenservice Jens Kr\u00fcger\",\"description\":\"Kontrolle \/ Wartung \/ Reparatur \/ Neubeschaffung von Industriearmaturen\",\"publisher\":{\"@id\":\"https:\/\/armaserv.de\/#organization\"},\"potentialAction\":[{\"@type\":\"SearchAction\",\"target\":{\"@type\":\"EntryPoint\",\"urlTemplate\":\"https:\/\/armaserv.de\/?s={search_term_string}\"},\"query-input\":\"required name=search_term_string\"}],\"inLanguage\":\"de\"},{\"@type\":\"Organization\",\"@id\":\"https:\/\/armaserv.de\/#organization\",\"name\":\"Armaturenservice Jens Kr\u00fcger\",\"url\":\"https:\/\/armaserv.de\/\",\"logo\":{\"@type\":\"ImageObject\",\"inLanguage\":\"de\",\"@id\":\"https:\/\/armaserv.de\/#\/schema\/logo\/image\/\",\"url\":\"https:\/\/armaserv.de\/wp-content\/uploads\/2018\/08\/ARMASERV-Logo-oT_50.jpg\",\"contentUrl\":\"https:\/\/armaserv.de\/wp-content\/uploads\/2018\/08\/ARMASERV-Logo-oT_50.jpg\",\"width\":590,\"height\":166,\"caption\":\"Armaturenservice Jens Kr\u00fcger\"},\"image\":{\"@id\":\"https:\/\/armaserv.de\/#\/schema\/logo\/image\/\"},\"sameAs\":[\"https:\/\/www.facebook.com\/pages\/category\/Business-Service\/Armaturenservice-Jens-Kr\u00fcger-Armaserv-109305729146673\/\"]}]}<\/script>\n<!-- \/ Yoast SEO plugin. -->","yoast_head_json":{"title":"Leistungsspektrum | Armaturenservice Jens Kr\u00fcger","robots":{"index":"index","follow":"follow","max-snippet":"max-snippet:-1","max-image-preview":"max-image-preview:large","max-video-preview":"max-video-preview:-1"},"canonical":"https:\/\/armaserv.de\/?page_id=23","og_locale":"de_DE","og_type":"article","og_title":"Leistungsspektrum | Armaturenservice Jens Kr\u00fcger","og_description":"Zu unserem Leistungsprofil geh\u00f6ren der Vor-Ort-Service, das Pr\u00fcfen und Instandsetzen von Sicherheitsventilen, Absperrarmaturen undRegelarmaturen, sowie das Pr\u00fcfen und Instandsetzen von Kondensatableitern. Ebenso f\u00fchren wir die Wartung von Schiebern, Klappen, K\u00fckenh\u00e4hnen, Schaugl\u00e4sern, Schmutzf\u00e4ngern, Wasserstandsanzeigern, \u00dcberdruck- und Unterdruckventilen durch. Gebrauchten und besch\u00e4digten Armaturen hauchen wir in unserer Werkstatt neues Leben ein &#8211; die General\u00fcberholung einer Regelarmatur liegt &hellip; \u201eLeistungsspektrum\u201c weiterlesen","og_url":"https:\/\/armaserv.de\/?page_id=23","og_site_name":"Armaturenservice Jens Kr\u00fcger","article_publisher":"https:\/\/www.facebook.com\/pages\/category\/Business-Service\/Armaturenservice-Jens-Kr%c3%bcger-Armaserv-109305729146673\/","article_modified_time":"2020-10-19T09:59:50+00:00","twitter_card":"summary_large_image","twitter_misc":{"Gesch\u00e4tzte Lesezeit":"1\u00a0Minute"},"schema":{"@context":"https:\/\/schema.org","@graph":[{"@type":"WebPage","@id":"https:\/\/armaserv.de\/?page_id=23","url":"https:\/\/armaserv.de\/?page_id=23","name":"Leistungsspektrum | Armaturenservice Jens Kr\u00fcger","isPartOf":{"@id":"https:\/\/armaserv.de\/#website"},"datePublished":"2020-10-19T09:20:50+00:00","dateModified":"2020-10-19T09:59:50+00:00","breadcrumb":{"@id":"https:\/\/armaserv.de\/?page_id=23#breadcrumb"},"inLanguage":"de","potentialAction":[{"@type":"ReadAction","target":["https:\/\/armaserv.de\/?page_id=23"]}]},{"@type":"BreadcrumbList","@id":"https:\/\/armaserv.de\/?page_id=23#breadcrumb","itemListElement":[{"@type":"ListItem","position":1,"name":"Startseite","item":"https:\/\/armaserv.de\/"},{"@type":"ListItem","position":2,"name":"Leistungsspektrum"}]},{"@type":"WebSite","@id":"https:\/\/armaserv.de\/#website","url":"https:\/\/armaserv.de\/","name":"Armaturenservice Jens Kr\u00fcger","description":"Kontrolle \/ Wartung \/ Reparatur \/ Neubeschaffung von Industriearmaturen","publisher":{"@id":"https:\/\/armaserv.de\/#organization"},"potentialAction":[{"@type":"SearchAction","target":{"@type":"EntryPoint","urlTemplate":"https:\/\/armaserv.de\/?s={search_term_string}"},"query-input":"required name=search_term_string"}],"inLanguage":"de"},{"@type":"Organization","@id":"https:\/\/armaserv.de\/#organization","name":"Armaturenservice Jens Kr\u00fcger","url":"https:\/\/armaserv.de\/","logo":{"@type":"ImageObject","inLanguage":"de","@id":"https:\/\/armaserv.de\/#\/schema\/logo\/image\/","url":"https:\/\/armaserv.de\/wp-content\/uploads\/2018\/08\/ARMASERV-Logo-oT_50.jpg","contentUrl":"https:\/\/armaserv.de\/wp-content\/uploads\/2018\/08\/ARMASERV-Logo-oT_50.jpg","width":590,"height":166,"caption":"Armaturenservice Jens Kr\u00fcger"},"image":{"@id":"https:\/\/armaserv.de\/#\/schema\/logo\/image\/"},"sameAs":["https:\/\/www.facebook.com\/pages\/category\/Business-Service\/Armaturenservice-Jens-Kr\u00fcger-Armaserv-109305729146673\/"]}]}},"_links":{"self":[{"href":"https:\/\/armaserv.de\/index.php?rest_route=\/wp\/v2\/pages\/23"}],"collection":[{"href":"https:\/\/armaserv.de\/index.php?rest_route=\/wp\/v2\/pages"}],"about":[{"href":"https:\/\/armaserv.de\/index.php?rest_route=\/wp\/v2\/types\/page"}],"author":[{"embeddable":true,"href":"https:\/\/armaserv.de\/index.php?rest_route=\/wp\/v2\/users\/1"}],"replies":[{"embeddable":true,"href":"https:\/\/armaserv.de\/index.php?rest_route=%2Fwp%2Fv2%2Fcomments&post=23"}],"version-history":[{"count":5,"href":"https:\/\/armaserv.de\/index.php?rest_route=\/wp\/v2\/pages\/23\/revisions"}],"predecessor-version":[{"id":44,"href":"https:\/\/armaserv.de\/index.php?rest_route=\/wp\/v2\/pages\/23\/revisions\/44"}],"wp:attachment":[{"href":"https:\/\/armaserv.de\/index.php?rest_route=%2Fwp%2Fv2%2Fmedia&parent=23"}],"curies":[{"name":"wp","href":"https:\/\/api.w.org\/{rel}","templated":true}]}}